{"id":712,"date":"2025-12-12T09:40:03","date_gmt":"2025-12-12T08:40:03","guid":{"rendered":"https:\/\/kcgh.nl\/?page_id=712"},"modified":"2026-01-13T12:27:26","modified_gmt":"2026-01-13T11:27:26","slug":"scriptie-phd-prijs","status":"publish","type":"page","link":"https:\/\/kcgh.nl\/nl\/scriptie-phd-prijs","title":{"rendered":"Scriptie \/ PhD prijs"},"content":{"rendered":"\n<h2 class=\"wp-block-heading\">De KCGH Scriptie\/PhD Prijs keert terug in 2025!<\/h2>\n\n\n\n<p>In 2025 zet het Kenniscentrum Global Health (KCGH) wederom jonge onderzoekers in de schijnwerpers met de jaarlijkse Scriptie\/PhD Prijs. Dit initiatief bekrachtigt onze missie om innovatief onderzoek binnen de mondiale gezondheid te stimuleren. Door deze prijs moedigen we pioniers aan die met hun frisse idee\u00ebn de wereldwijde gezondheidszorg veranderen.<br>Het belang van onze prijs: Bij KCGH erkennen we dat doorbraken in mondiale gezondheid beginnen bij gedurfd en baanbrekend onderzoek. Met deze prijzen dragen we bij aan een fundament voor innovaties die essentieel zijn voor de gezondheid over de hele wereld. We steunen onderzoekers die met hun werk praktische oplossingen bieden en de gezondheidszorg op zowel lokale als globale schaal vooruit helpen.<br>Doe mee met de competitie van 2025: Heb jij een scriptie of dissertatie geschreven over mondiale gezondheid? Ben je afgestudeerd in Nederland, Aruba, Cura\u00e7ao, Sint Maarten, Bonaire, Saba of Sint Eustatius? Stuur je werk v\u00f3\u00f3r 1 oktober 2025 naar info@kcgh.nl. Onze jury, inclusief een expert van de Expertisegroep Global Child Health, zal de inzendingen beoordelen op vernieuwing, relevantie en impact.<\/p>\n\n\n\n<h3 class=\"wp-block-heading\">Kernmomenten in 2025<\/h3>\n\n\n\n<ul class=\"wp-block-list\">\n<li>Deadline voor inzendingen: 1 oktober 2025<\/li>\n\n\n\n<li>Beoordelingsperiode: Oktober en november 2025<\/li>\n\n\n\n<li>Prijsuitreiking: De winnaars worden gehuldigd tijdens het KCGH Symposium op 27 november 2025.<\/li>\n<\/ul>\n\n\n\n<p>Over KCGH: KCGH bevordert de uitwisseling van kennis en verbindt professionals binnen de gezondheidszorg en mondiale gezondheid. Het centrum is een initiatief van de NVTG en OIGT, ondersteund door het Ministerie van VWS.<br>Voor meer details of deelname, bezoek onze website <a href=\"http:\/\/www.kcgh.nl\/\" target=\"_blank\" rel=\"noreferrer noopener\">www.kcgh.nl<\/a> of neem contact op via <a href=\"mailto:info@kcgh.nl\">info@kcgh.nl<\/a>.<\/p>\n\n\n\n<h2 class=\"wp-block-heading\">Welke prijzen kennen wij toe?<\/h2>\n\n\n\n<p>Om het uitzonderlijke werk van jonge geleerden te vieren en te promoten, kent KCGH prijzen toe aan:<\/p>\n\n\n\n<p><strong>\u20ac500<\/strong> aan <strong>twee recent afgestudeerden bachelor of master studenten die een innovatieve en impactvolle scriptie over een global health thema<\/strong> heeft geschreven.<\/p>\n\n\n\n<p><strong>\u20ac500<\/strong> aan een recent afgestudeerde <strong>HBO-student<\/strong> welke een impactvolle scriptie op een global health onderwerp heeft geschreven.<\/p>\n\n\n\n<p><strong>\u20ac1000<\/strong> aan <strong>een recente promovendus\/-a die significant heeft bijgedragen aan nieuwe inzichten in global health<\/strong> te besteden aan verdere professionele ontwikkeling, zoals het voortzetten van het werk in hun thesis, volgen van trainingen, raadplegen van experts of ondersteunen van activiteiten om projectfinanciering te verkrijgen<\/p>\n\n\n\n<p><strong>\u20ac500<\/strong> voor de <strong>beste HBO\/WO master- of bachelorscriptie gericht op een onderwerp binnen Global Child Health<\/strong> in samenwerking met de <a href=\"https:\/\/www.expertisegroepglobalchildhealth.nl\/\" target=\"_blank\" rel=\"noreferrer noopener\">Expertisegroep Global Child Health<\/a><\/p>\n\n\n\n<h2 class=\"wp-block-heading\">Editie 2024<\/h2>\n\n\n\n<p>In 2024 ontvingen we maar liefst 36 inzendingen van uitzonderlijk hoge kwaliteit, waarmee het diverse en impactvolle onderzoek op het gebied van mondiale gezondheid werd getoond. Na een grondige beoordeling door onze deskundige jury presenteren we met trots de winnaars van de KCGH Scriptie\/Promotieprijs 2024:<\/p>\n\n\n\n<h3 class=\"wp-block-heading\">Winnaar Bachelor Scriptie: Lara Schmale-H\u00fcsemann<\/h3>\n\n\n\n<p>Titel: Health Equity Analysis of the Africa CDC Strategy on Non-Communicable Diseases<\/p>\n\n\n\n<p>Het onderzoek van Lara biedt een kritische blik op hoe gezondheidsgelijkheid is ge\u00efntegreerd in de strategie van de Africa CDC voor niet-overdraagbare ziekten. Haar analyse toont aan dat, hoewel gezondheidsgelijkheid een kernprincipe is, dit niet consequent wordt weerspiegeld in de aanpak van de strategie. Door gebruik te maken van principes zoals kritische reflexiviteit, bescheidenheid en handelingsvermogen, belicht ze hoe machtsdynamieken de toegang tot zorg en de uitkomsten van beleid be\u00efnvloeden. Haar onderzoek biedt essenti\u00eble inzichten voor het bestuur van de mondiale gezondheidszorg.<\/p>\n\n\n\n<h3 class=\"wp-block-heading\">Winnaar Master Scriptie: Robert Dasovi\u0107<\/h3>\n\n\n\n<p>Titel: Unheard Voices: Navigeren door de levensloop van dak- en thuisloze mensen in een gefragmenteerd zorglandschap<\/p>\n\n\n\n<p>Het onderzoek van Robert werpt een licht op de geleefde ervaringen van dak- en thuisloze mensen in Rotterdam. Door gebruik te maken van Life History Interviewing en Life Mapping, verkent hij hoe trauma, uitsluiting en systematische verwaarlozing bijdragen aan dakloosheid. Zijn werk benadrukt de noodzaak van traumagerichte, persoonsgerichte zorg en daagt zorgsystemen uit om de stemmen en ervaringen van gemarginaliseerde groepen te herkennen en erop te reageren.<\/p>\n\n\n\n<h3 class=\"wp-block-heading\">Winnaar PhD Proefschrift (Categorie: Global Child Health): Tom Jacobs<\/h3>\n\n\n\n<p>Titel: Accelerating access to optimal anti-infective treatment for children living with HIV<\/p>\n\n\n\n<p>Het proefschrift van Tom richt zich op de uitdaging om toegankelijke, kindvriendelijke HIV-behandelingen te waarborgen voor kinderen in lage-inkomenslanden. In samenwerking met teams uit Europa en Sub-Sahara Afrika onderzoekt hij hoe barri\u00e8res voor optimale anti-infectieuze behandelingen kunnen worden doorbroken. Door de rol van klinische farmacologie als drijvende kracht voor betere toegang te benadrukken, biedt zijn werk praktische oplossingen voor een van de meest urgente uitdagingen in de mondiale kindergezondheid.<\/p>\n\n\n\n<p>Toegekend in samenwerking met de Expertisegroep Global Child Health<\/p>\n\n\n\n<h3 class=\"wp-block-heading\">Winnaar PhD Proefschrift: Lennart Maljaars<\/h3>\n\n\n\n<p>Titel: Surgical Care and Innovation for Vesicovaginal Fistula<\/p>\n\n\n\n<p>Het onderzoek van Lennart richt zich op de behandeling van vesicovaginale fistels, een gestigmatiseerde aandoening die vrouwen in kwetsbare contexten treft. In zijn proefschrift richt hij zich op het verbeteren van conventionele chirurgische methoden en het ontwikkelen van innovatieve benaderingen om de behandelopties te versterken. Door het belang van zowel technische vooruitgang als sociale bewustwording te benadrukken, streeft zijn werk naar betere zorg en een vermindering van het stigma waarmee getroffen vrouwen te maken hebben.<\/p>\n\n\n\n<h2 class=\"wp-block-heading\">Speciale dank<\/h2>\n\n\n\n<p>Een groot dankwoord aan onze juryleden voor hun inzet, deskundigheid en zorgvuldige beoordeling bij het selecteren van de winnaars van dit jaar:<\/p>\n\n\n\n<ul class=\"wp-block-list\">\n<li>Jaco J. Verweij<\/li>\n\n\n\n<li>Koos van der Velden<\/li>\n\n\n\n<li>Lekha Rathod<\/li>\n\n\n\n<li>Perijne Vellekoop<\/li>\n<\/ul>\n\n\n\n<p>Deze winnaars vertegenwoordigen de toekomst van onderzoek op het gebied van mondiale gezondheid. Elk van hen draagt bij aan cruciale thema&#8217;s, zoals gezondheidsgelijkheid, kwetsbare doelgroepen en de toegankelijkheid van levensreddende behandelingen. We danken alle 36 deelnemers voor hun waardevolle inzendingen en kijken ernaar uit te zien hoe hun werk blijft bijdragen aan vooruitgang in de mondiale gezondheidszorg.<\/p>\n","protected":false},"excerpt":{"rendered":"<p>Alle informatie over de jaarlijkse KCGH Scriptie- en PhD-prijs.<\/p>\n","protected":false},"author":1,"featured_media":0,"parent":0,"menu_order":3,"comment_status":"closed","ping_status":"closed","template":"","meta":{"_acf_changed":false,"footnotes":""},"class_list":["post-712","page","type-page","status-publish","hentry"],"acf":[],"_links":{"self":[{"href":"https:\/\/kcgh.nl\/nl\/wp-json\/wp\/v2\/pages\/712","targetHints":{"allow":["GET"]}}],"collection":[{"href":"https:\/\/kcgh.nl\/nl\/wp-json\/wp\/v2\/pages"}],"about":[{"href":"https:\/\/kcgh.nl\/nl\/wp-json\/wp\/v2\/types\/page"}],"author":[{"embeddable":true,"href":"https:\/\/kcgh.nl\/nl\/wp-json\/wp\/v2\/users\/1"}],"replies":[{"embeddable":true,"href":"https:\/\/kcgh.nl\/nl\/wp-json\/wp\/v2\/comments?post=712"}],"version-history":[{"count":3,"href":"https:\/\/kcgh.nl\/nl\/wp-json\/wp\/v2\/pages\/712\/revisions"}],"predecessor-version":[{"id":973,"href":"https:\/\/kcgh.nl\/nl\/wp-json\/wp\/v2\/pages\/712\/revisions\/973"}],"wp:attachment":[{"href":"https:\/\/kcgh.nl\/nl\/wp-json\/wp\/v2\/media?parent=712"}],"curies":[{"name":"wp","href":"https:\/\/api.w.org\/{rel}","templated":true}]}}